{"id":20,"date":"2020-04-07T12:15:53","date_gmt":"2020-04-07T12:15:53","guid":{"rendered":"https:\/\/virenclean.de\/?page_id=20"},"modified":"2021-01-26T15:45:40","modified_gmt":"2021-01-26T15:45:40","slug":"ueber-uns","status":"publish","type":"page","link":"https:\/\/virenclean.de\/en\/ueber-uns\/","title":{"rendered":"about us"},"content":{"rendered":"<div data-elementor-type=\"wp-page\" data-elementor-id=\"20\" class=\"elementor elementor-20\" data-elementor-post-type=\"page\">\n\t\t\t\t\t\t<section class=\"elementor-section elementor-top-section elementor-element elementor-element-76e8a96e elementor-section-boxed elementor-section-height-default elementor-section-height-default\" data-id=\"76e8a96e\" data-element_type=\"section\" data-settings=\"{&quot;background_background&quot;:&quot;classic&quot;}\">\n\t\t\t\t\t\t\t<div class=\"elementor-background-overlay\"><\/div>\n\t\t\t\t\t\t\t<div class=\"elementor-container elementor-column-gap-default\">\n\t\t\t\t\t<div class=\"elementor-column elementor-col-50 elementor-top-column elementor-element elementor-element-36c4da1a\" data-id=\"36c4da1a\" data-element_type=\"column\">\n\t\t\t<div class=\"elementor-widget-wrap elementor-element-populated\">\n\t\t\t\t\t\t<div class=\"elementor-element elementor-element-1367febc elementor-widget elementor-widget-spacer\" data-id=\"1367febc\" data-element_type=\"widget\" data-widget_type=\"spacer.default\">\n\t\t\t\t<div class=\"elementor-widget-container\">\n\t\t\t\t\t<div class=\"elementor-spacer\">\n\t\t\t<div class=\"elementor-spacer-inner\"><\/div>\n\t\t<\/div>\n\t\t\t\t<\/div>\n\t\t\t\t<\/div>\n\t\t\t\t<div class=\"elementor-element elementor-element-27e3f75f animated-fast elementor-invisible elementor-widget elementor-widget-heading\" data-id=\"27e3f75f\" data-element_type=\"widget\" data-settings=\"{&quot;_animation&quot;:&quot;fadeInUp&quot;}\" data-widget_type=\"heading.default\">\n\t\t\t\t<div class=\"elementor-widget-container\">\n\t\t\t<h2 class=\"elementor-heading-title elementor-size-default\">\u00dcber uns<\/h2>\t\t<\/div>\n\t\t\t\t<\/div>\n\t\t\t\t<div class=\"elementor-element elementor-element-59894e6e elementor-widget elementor-widget-text-editor\" data-id=\"59894e6e\" data-element_type=\"widget\" data-widget_type=\"text-editor.default\">\n\t\t\t\t<div class=\"elementor-widget-container\">\n\t\t\t\t\t\t\t\t\t\t\t\t\t<\/div>\n\t\t\t\t<\/div>\n\t\t\t\t\t<\/div>\n\t\t<\/div>\n\t\t\t\t<div class=\"elementor-column elementor-col-50 elementor-top-column elementor-element elementor-element-3c8a675c\" data-id=\"3c8a675c\" data-element_type=\"column\">\n\t\t\t<div class=\"elementor-widget-wrap elementor-element-populated\">\n\t\t\t\t\t\t<div class=\"elementor-element elementor-element-3b761f33 elementor-widget elementor-widget-image\" data-id=\"3b761f33\" data-element_type=\"widget\" data-widget_type=\"image.default\">\n\t\t\t\t<div class=\"elementor-widget-container\">\n\t\t\t\t\t\t\t\t\t\t\t\t\t<img fetchpriority=\"high\" decoding=\"async\" width=\"597\" height=\"656\" src=\"https:\/\/virenclean.de\/wp-content\/uploads\/2021\/01\/Virenclean-Logo_.png\" class=\"attachment-large size-large wp-image-669\" alt=\"\" srcset=\"https:\/\/virenclean.de\/wp-content\/uploads\/2021\/01\/Virenclean-Logo_.png 597w, https:\/\/virenclean.de\/wp-content\/uploads\/2021\/01\/Virenclean-Logo_-273x300.png 273w\" sizes=\"(max-width: 597px) 100vw, 597px\" \/>\t\t\t\t\t\t\t\t\t\t\t\t\t<\/div>\n\t\t\t\t<\/div>\n\t\t\t\t\t<\/div>\n\t\t<\/div>\n\t\t\t\t\t<\/div>\n\t\t<\/section>\n\t\t\t\t<section class=\"elementor-section elementor-top-section elementor-element elementor-element-794f579 elementor-section-boxed elementor-section-height-default elementor-section-height-default\" data-id=\"794f579\" data-element_type=\"section\">\n\t\t\t\t\t\t<div class=\"elementor-container elementor-column-gap-default\">\n\t\t\t\t\t<div class=\"elementor-column elementor-col-100 elementor-top-column elementor-element elementor-element-117a03f\" data-id=\"117a03f\" data-element_type=\"column\">\n\t\t\t<div class=\"elementor-widget-wrap elementor-element-populated\">\n\t\t\t\t\t\t<div class=\"elementor-element elementor-element-adca2c5 elementor-widget elementor-widget-spacer\" data-id=\"adca2c5\" data-element_type=\"widget\" data-widget_type=\"spacer.default\">\n\t\t\t\t<div class=\"elementor-widget-container\">\n\t\t\t\t\t<div class=\"elementor-spacer\">\n\t\t\t<div class=\"elementor-spacer-inner\"><\/div>\n\t\t<\/div>\n\t\t\t\t<\/div>\n\t\t\t\t<\/div>\n\t\t\t\t\t<\/div>\n\t\t<\/div>\n\t\t\t\t\t<\/div>\n\t\t<\/section>\n\t\t\t\t<section class=\"elementor-section elementor-top-section elementor-element elementor-element-c650ce1 elementor-section-boxed elementor-section-height-default elementor-section-height-default\" data-id=\"c650ce1\" data-element_type=\"section\">\n\t\t\t\t\t\t<div class=\"elementor-container elementor-column-gap-default\">\n\t\t\t\t\t<div class=\"elementor-column elementor-col-100 elementor-top-column elementor-element elementor-element-f13c6e6\" data-id=\"f13c6e6\" data-element_type=\"column\">\n\t\t\t<div class=\"elementor-widget-wrap elementor-element-populated\">\n\t\t\t\t\t\t<div class=\"elementor-element elementor-element-1a7d107 elementor-widget elementor-widget-text-editor\" data-id=\"1a7d107\" data-element_type=\"widget\" data-widget_type=\"text-editor.default\">\n\t\t\t\t<div class=\"elementor-widget-container\">\n\t\t\t\t\t\t\t<div><p><span style=\"font-size: 35px; color: black;\">\u00dcber Virenclean UG<\/span><\/p><p><strong>Herstellung von alkoholfreiem Desinfektionsmittel<\/strong><\/p><p>Bei dem Unternehmen Virenclean UG handelt es sich um eine Produktionst\u00e4tte von veganem\u00a0<span style=\"font-size: 1rem;\">und alkoholfreiem Desinfektionsmittel, welches mit Elektrolysezellen chlorid- und chloratarm her<\/span><span style=\"font-size: 1rem;\">gestellt wird.<\/span><\/p><p>\u00a0<\/p><p>Wir sind ein junges Unternehmen, dass sich in der Corona Pandemie umorientiert hat und auf\u00a0<span style=\"font-size: 1rem;\">die Herstellung von Desinfektionsmittel, mit dem Anolyt Verfahren spezialisiert hat.\u00a0<\/span><span style=\"font-size: 1rem;\">Das Hauptaugenmerkt liegt auf der Herstellung und den Vertrieb des Desinfektionsmittels.<\/span><\/p><p><span style=\"font-size: 1rem;\">Wir sind drei Gr\u00fcnder mit Migrationshintergrund und zu unserem Kundenstamm z\u00e4hlt \u00fcberwie<\/span><span style=\"font-size: 1rem;\">gend die t\u00fcrkische, sowie arabischsprachige Community.<\/span><\/p><p><span style=\"font-size: 1rem;\">Deshalb achten wir sehr darauf, dass das Desinfektionsmittel auch von unseren muslimischen\u00a0<\/span><span style=\"font-size: 1rem;\">Mitb\u00fcrgern genutzt werden kann.<\/span><\/p><p><span style=\"font-size: 1rem;\">Unsere Besonderheit: Die Produktion von Anolyte aus einer 0,4%igen Kochsalzl\u00f6sung und Was<\/span><span style=\"font-size: 1rem;\">ser. Dies l\u00f6st eine physikalische Reaktion ausl\u00f6st und so eine Virenvernichtende Wirkung entwi<\/span><span style=\"font-size: 1rem;\">ckelt. Es ist biologisch abbaubar, 100% Vegan und ohne chemische Zusatzstoffe.<\/span><\/p><p><span style=\"font-size: 1rem;\">Folgende Schwerpunkte werden sein:<\/span><\/p><p>Halal, Vegan, Ph- neutral, f\u00fcr Kinder geeignet.<\/p><ul><li><strong>F\u00fcr Textil<br \/><\/strong><\/li><li><strong>Hand<\/strong><\/li><li><b>Fl\u00e4chen<\/b><\/li><\/ul><\/div>\t\t\t\t\t\t<\/div>\n\t\t\t\t<\/div>\n\t\t\t\t\t<\/div>\n\t\t<\/div>\n\t\t\t\t\t<\/div>\n\t\t<\/section>\n\t\t\t\t<section class=\"elementor-section elementor-top-section elementor-element elementor-element-94eb1bd elementor-section-boxed elementor-section-height-default elementor-section-height-default\" data-id=\"94eb1bd\" data-element_type=\"section\">\n\t\t\t\t\t\t<div class=\"elementor-container elementor-column-gap-default\">\n\t\t\t\t\t<div class=\"elementor-column elementor-col-100 elementor-top-column elementor-element elementor-element-263a85f\" data-id=\"263a85f\" data-element_type=\"column\">\n\t\t\t<div class=\"elementor-widget-wrap elementor-element-populated\">\n\t\t\t\t\t\t<div class=\"elementor-element elementor-element-ed1f890 elementor-widget elementor-widget-spacer\" data-id=\"ed1f890\" data-element_type=\"widget\" data-widget_type=\"spacer.default\">\n\t\t\t\t<div class=\"elementor-widget-container\">\n\t\t\t\t\t<div class=\"elementor-spacer\">\n\t\t\t<div class=\"elementor-spacer-inner\"><\/div>\n\t\t<\/div>\n\t\t\t\t<\/div>\n\t\t\t\t<\/div>\n\t\t\t\t\t<\/div>\n\t\t<\/div>\n\t\t\t\t\t<\/div>\n\t\t<\/section>\n\t\t\t\t<\/div>","protected":false},"excerpt":{"rendered":"<p>\u00dcber uns \u00dcber Virenclean UG Herstellung von alkoholfreiem Desinfektionsmittel Bei dem Unternehmen Virenclean UG handelt es sich um eine Produktionst\u00e4tte von veganem\u00a0und alkoholfreiem Desinfektionsmittel, welches mit Elektrolysezellen chlorid- und chloratarm hergestellt wird. \u00a0 Wir sind ein junges Unternehmen, dass sich in der Corona Pandemie umorientiert hat und auf\u00a0die Herstellung von Desinfektionsmittel, mit dem Anolyt Verfahren [&hellip;]<\/p>","protected":false},"author":1,"featured_media":0,"parent":0,"menu_order":0,"comment_status":"closed","ping_status":"closed","template":"elementor_header_footer","meta":{"footnotes":""},"yoast_head":"<!-- This site is optimized with the Yoast SEO plugin v22.3 - https:\/\/yoast.com\/wordpress\/plugins\/seo\/ -->\n<title>\u00dcber Uns - virenclean<\/title>\n<meta name=\"description\" content=\"Produktion von alkoholfreiem Desinfektionsmittel\" \/>\n<meta name=\"robots\" content=\"index, follow, max-snippet:-1, max-image-preview:large, max-video-preview:-1\" \/>\n<link rel=\"canonical\" href=\"https:\/\/virenclean.de\/en\/ueber-uns\/\" \/>\n<meta property=\"og:locale\" content=\"en_US\" \/>\n<meta property=\"og:type\" content=\"article\" \/>\n<meta property=\"og:title\" content=\"\u00dcber Uns - virenclean\" \/>\n<meta property=\"og:description\" content=\"Produktion von alkoholfreiem Desinfektionsmittel\" \/>\n<meta property=\"og:url\" content=\"https:\/\/virenclean.de\/en\/ueber-uns\/\" \/>\n<meta property=\"og:site_name\" content=\"virenclean\" \/>\n<meta property=\"article:publisher\" content=\"https:\/\/www.facebook.com\/Virenclean-UG-104062247944174\/?modal=admin_todo_tour\" \/>\n<meta property=\"article:modified_time\" content=\"2021-01-26T15:45:40+00:00\" \/>\n<meta property=\"og:image\" content=\"https:\/\/virenclean.de\/wp-content\/uploads\/2021\/01\/Virenclean-Logo_.png\" \/>\n<meta name=\"twitter:card\" content=\"summary_large_image\" \/>\n<meta name=\"twitter:label1\" content=\"Est. reading time\" \/>\n\t<meta name=\"twitter:data1\" content=\"1 minute\" \/>\n<script type=\"application\/ld+json\" class=\"yoast-schema-graph\">{\"@context\":\"https:\/\/schema.org\",\"@graph\":[{\"@type\":\"WebPage\",\"@id\":\"https:\/\/virenclean.de\/ueber-uns\/\",\"url\":\"https:\/\/virenclean.de\/ueber-uns\/\",\"name\":\"\u00dcber Uns - virenclean\",\"isPartOf\":{\"@id\":\"https:\/\/virenclean.de\/#website\"},\"primaryImageOfPage\":{\"@id\":\"https:\/\/virenclean.de\/ueber-uns\/#primaryimage\"},\"image\":{\"@id\":\"https:\/\/virenclean.de\/ueber-uns\/#primaryimage\"},\"thumbnailUrl\":\"https:\/\/virenclean.de\/wp-content\/uploads\/2021\/01\/Virenclean-Logo_.png\",\"datePublished\":\"2020-04-07T12:15:53+00:00\",\"dateModified\":\"2021-01-26T15:45:40+00:00\",\"description\":\"Produktion von alkoholfreiem Desinfektionsmittel\",\"breadcrumb\":{\"@id\":\"https:\/\/virenclean.de\/ueber-uns\/#breadcrumb\"},\"inLanguage\":\"en-US\",\"potentialAction\":[{\"@type\":\"ReadAction\",\"target\":[\"https:\/\/virenclean.de\/ueber-uns\/\"]}]},{\"@type\":\"ImageObject\",\"inLanguage\":\"en-US\",\"@id\":\"https:\/\/virenclean.de\/ueber-uns\/#primaryimage\",\"url\":\"https:\/\/virenclean.de\/wp-content\/uploads\/2021\/01\/Virenclean-Logo_.png\",\"contentUrl\":\"https:\/\/virenclean.de\/wp-content\/uploads\/2021\/01\/Virenclean-Logo_.png\",\"width\":597,\"height\":656},{\"@type\":\"BreadcrumbList\",\"@id\":\"https:\/\/virenclean.de\/ueber-uns\/#breadcrumb\",\"itemListElement\":[{\"@type\":\"ListItem\",\"position\":1,\"name\":\"Startseite\",\"item\":\"https:\/\/virenclean.de\/\"},{\"@type\":\"ListItem\",\"position\":2,\"name\":\"\u00dcber Uns\"}]},{\"@type\":\"WebSite\",\"@id\":\"https:\/\/virenclean.de\/#website\",\"url\":\"https:\/\/virenclean.de\/\",\"name\":\"virenclean\",\"description\":\"alkoholfreies Desinfektionsmittel\",\"publisher\":{\"@id\":\"https:\/\/virenclean.de\/#organization\"},\"potentialAction\":[{\"@type\":\"SearchAction\",\"target\":{\"@type\":\"EntryPoint\",\"urlTemplate\":\"https:\/\/virenclean.de\/?s={search_term_string}\"},\"query-input\":\"required name=search_term_string\"}],\"inLanguage\":\"en-US\"},{\"@type\":\"Organization\",\"@id\":\"https:\/\/virenclean.de\/#organization\",\"name\":\"Virenclean UG\",\"url\":\"https:\/\/virenclean.de\/\",\"logo\":{\"@type\":\"ImageObject\",\"inLanguage\":\"en-US\",\"@id\":\"https:\/\/virenclean.de\/#\/schema\/logo\/image\/\",\"url\":\"https:\/\/virenclean.de\/wp-content\/uploads\/2020\/04\/Favicon.png\",\"contentUrl\":\"https:\/\/virenclean.de\/wp-content\/uploads\/2020\/04\/Favicon.png\",\"width\":200,\"height\":200,\"caption\":\"Virenclean UG\"},\"image\":{\"@id\":\"https:\/\/virenclean.de\/#\/schema\/logo\/image\/\"},\"sameAs\":[\"https:\/\/www.facebook.com\/Virenclean-UG-104062247944174\/?modal=admin_todo_tour\",\"https:\/\/www.instagram.com\/virenclean\/?hl=de\"]}]}<\/script>\n<!-- \/ Yoast SEO plugin. -->","yoast_head_json":{"title":"\u00dcber Uns - virenclean","description":"Produktion von alkoholfreiem Desinfektionsmittel","robots":{"index":"index","follow":"follow","max-snippet":"max-snippet:-1","max-image-preview":"max-image-preview:large","max-video-preview":"max-video-preview:-1"},"canonical":"https:\/\/virenclean.de\/en\/ueber-uns\/","og_locale":"en_US","og_type":"article","og_title":"\u00dcber Uns - virenclean","og_description":"Produktion von alkoholfreiem Desinfektionsmittel","og_url":"https:\/\/virenclean.de\/en\/ueber-uns\/","og_site_name":"virenclean","article_publisher":"https:\/\/www.facebook.com\/Virenclean-UG-104062247944174\/?modal=admin_todo_tour","article_modified_time":"2021-01-26T15:45:40+00:00","og_image":[{"url":"https:\/\/virenclean.de\/wp-content\/uploads\/2021\/01\/Virenclean-Logo_.png"}],"twitter_card":"summary_large_image","twitter_misc":{"Est. reading time":"1 minute"},"schema":{"@context":"https:\/\/schema.org","@graph":[{"@type":"WebPage","@id":"https:\/\/virenclean.de\/ueber-uns\/","url":"https:\/\/virenclean.de\/ueber-uns\/","name":"\u00dcber Uns - virenclean","isPartOf":{"@id":"https:\/\/virenclean.de\/#website"},"primaryImageOfPage":{"@id":"https:\/\/virenclean.de\/ueber-uns\/#primaryimage"},"image":{"@id":"https:\/\/virenclean.de\/ueber-uns\/#primaryimage"},"thumbnailUrl":"https:\/\/virenclean.de\/wp-content\/uploads\/2021\/01\/Virenclean-Logo_.png","datePublished":"2020-04-07T12:15:53+00:00","dateModified":"2021-01-26T15:45:40+00:00","description":"Produktion von alkoholfreiem Desinfektionsmittel","breadcrumb":{"@id":"https:\/\/virenclean.de\/ueber-uns\/#breadcrumb"},"inLanguage":"en-US","potentialAction":[{"@type":"ReadAction","target":["https:\/\/virenclean.de\/ueber-uns\/"]}]},{"@type":"ImageObject","inLanguage":"en-US","@id":"https:\/\/virenclean.de\/ueber-uns\/#primaryimage","url":"https:\/\/virenclean.de\/wp-content\/uploads\/2021\/01\/Virenclean-Logo_.png","contentUrl":"https:\/\/virenclean.de\/wp-content\/uploads\/2021\/01\/Virenclean-Logo_.png","width":597,"height":656},{"@type":"BreadcrumbList","@id":"https:\/\/virenclean.de\/ueber-uns\/#breadcrumb","itemListElement":[{"@type":"ListItem","position":1,"name":"Startseite","item":"https:\/\/virenclean.de\/"},{"@type":"ListItem","position":2,"name":"\u00dcber Uns"}]},{"@type":"WebSite","@id":"https:\/\/virenclean.de\/#website","url":"https:\/\/virenclean.de\/","name":"virenclean","description":"alkoholfreies Desinfektionsmittel","publisher":{"@id":"https:\/\/virenclean.de\/#organization"},"potentialAction":[{"@type":"SearchAction","target":{"@type":"EntryPoint","urlTemplate":"https:\/\/virenclean.de\/?s={search_term_string}"},"query-input":"required name=search_term_string"}],"inLanguage":"en-US"},{"@type":"Organization","@id":"https:\/\/virenclean.de\/#organization","name":"Virenclean UG","url":"https:\/\/virenclean.de\/","logo":{"@type":"ImageObject","inLanguage":"en-US","@id":"https:\/\/virenclean.de\/#\/schema\/logo\/image\/","url":"https:\/\/virenclean.de\/wp-content\/uploads\/2020\/04\/Favicon.png","contentUrl":"https:\/\/virenclean.de\/wp-content\/uploads\/2020\/04\/Favicon.png","width":200,"height":200,"caption":"Virenclean UG"},"image":{"@id":"https:\/\/virenclean.de\/#\/schema\/logo\/image\/"},"sameAs":["https:\/\/www.facebook.com\/Virenclean-UG-104062247944174\/?modal=admin_todo_tour","https:\/\/www.instagram.com\/virenclean\/?hl=de"]}]}},"_links":{"self":[{"href":"https:\/\/virenclean.de\/en\/wp-json\/wp\/v2\/pages\/20"}],"collection":[{"href":"https:\/\/virenclean.de\/en\/wp-json\/wp\/v2\/pages"}],"about":[{"href":"https:\/\/virenclean.de\/en\/wp-json\/wp\/v2\/types\/page"}],"author":[{"embeddable":true,"href":"https:\/\/virenclean.de\/en\/wp-json\/wp\/v2\/users\/1"}],"replies":[{"embeddable":true,"href":"https:\/\/virenclean.de\/en\/wp-json\/wp\/v2\/comments?post=20"}],"version-history":[{"count":41,"href":"https:\/\/virenclean.de\/en\/wp-json\/wp\/v2\/pages\/20\/revisions"}],"predecessor-version":[{"id":729,"href":"https:\/\/virenclean.de\/en\/wp-json\/wp\/v2\/pages\/20\/revisions\/729"}],"wp:attachment":[{"href":"https:\/\/virenclean.de\/en\/wp-json\/wp\/v2\/media?parent=20"}],"curies":[{"name":"wp","href":"https:\/\/api.w.org\/{rel}","templated":true}]}}