{"id":190,"date":"2020-04-14T15:44:26","date_gmt":"2020-04-14T15:44:26","guid":{"rendered":"https:\/\/virenclean.de\/?page_id=190"},"modified":"2021-02-03T14:46:29","modified_gmt":"2021-02-03T14:46:29","slug":"impressum","status":"publish","type":"page","link":"https:\/\/virenclean.de\/en\/impressum\/","title":{"rendered":"Impressum"},"content":{"rendered":"<div data-elementor-type=\"wp-page\" data-elementor-id=\"190\" class=\"elementor elementor-190\" data-elementor-post-type=\"page\">\n\t\t\t\t\t\t<section class=\"elementor-section elementor-top-section elementor-element elementor-element-bff8fd5 elementor-section-boxed elementor-section-height-default elementor-section-height-default\" data-id=\"bff8fd5\" data-element_type=\"section\">\n\t\t\t\t\t\t<div class=\"elementor-container elementor-column-gap-default\">\n\t\t\t\t\t<div class=\"elementor-column elementor-col-100 elementor-top-column elementor-element elementor-element-de5ad79\" data-id=\"de5ad79\" data-element_type=\"column\">\n\t\t\t<div class=\"elementor-widget-wrap elementor-element-populated\">\n\t\t\t\t\t\t<div class=\"elementor-element elementor-element-b2cefa4 elementor-widget elementor-widget-text-editor\" data-id=\"b2cefa4\" data-element_type=\"widget\" data-widget_type=\"text-editor.default\">\n\t\t\t\t<div class=\"elementor-widget-container\">\n\t\t\t\t\t\t\t<section><div><div><div><div><div><div data-bg-url=\"\"><div><p><strong>Impressum<\/strong><br \/><strong>Angaben gem\u00e4\u00df $ 5 TMG:<\/strong><br \/>Virenclean UG<\/p><p>Buckower Chaussee<\/p><p>12077 Berlin -Buckow<\/p><p>Vertreten durch:<\/p><p>Gesellschafter<\/p><p>T\u00fcrker Yildirim<\/p><p>Gesch\u00e4ftsf\u00fchrerIn<\/p><p>Celestina Frese<\/p><p>Kontakt:<\/p><p>Telefon: 030 &#8211; 53143676<br \/>E-Mail: info@virenclean.de<\/p><p>Registereintrag:<\/p><p>Eintragung im Handelsregister<br \/>Registergericht: Amtsgericht Charlottenburg<br \/>Registernummer: HRB 215641B<\/p><p>Umsatzsteuer-ID:<\/p><p>Umsatzsteuer-Identifikationsnummer gem\u00e4\u00df \u00a7 27 a Umsatzsteuergesetz:<\/p><p>ZENA &#8211; 1129 &#8211; 1901986<\/p><p>Verantwortlich f\u00fcr den Inhalt nach \u00a7 55 Abs. 2 RStV:<\/p><p>Virenclean UG\u00a0<\/p><p>Buckower Chaussee 110\/113<\/p><p>12277 Berlin &#8211; Marienfelde<\/p><p><strong>Haftung f\u00fcr Inhalte<\/strong><\/p><p>Haftung f\u00fcr Links<br \/>Unser Angebot enth\u00e4lt Links zu externen Webseiten Dritter, auf deren Inhalte wir keinen Einfluss haben. Deshalb k\u00f6nnen wir f\u00fcr diese fremden Inhalte auch keine Gew\u00e4hr \u00fcbernehmen. F\u00fcr die Inhalte der verlinkten Seiten ist stets der jeweilige Anbieter oder Betreiber der Seiten verantwortlich. Die verlinkten Seiten wurden zum Zeitpunkt der Verlinkung auf m\u00f6gliche Rechtsverst\u00f6\u00dfe \u00fcberpr\u00fcft. Rechtswidrige Inhalte waren zum Zeitpunkt der Verlinkung nicht erkennbar. Eine permanente inhaltliche Kontrolle der verlinkten Seiten ist jedoch ohne konkrete Anhaltspunkte einer Rechtsverletzung nicht zumutbar. Bei Bekanntwerden von Rechtsverletzungen werden wir derartige Links umgehend entfernen.<br \/>Urheberrecht<br \/>Die durch die Seitenbetreiber erstellten Inhalte und Werke auf diesen Seiten unterliegen dem deutschen Urheberrecht. Die Vervielf\u00e4ltigung, Bearbeitung, Verbreitung und jede Art der Verwertung au\u00dferhalb der Grenzen des Urheberrechtes bed\u00fcrfen der schriftlichen Zustimmung des jeweiligen Autors bzw. Erstellers. Downloads und Kopien dieser Seite sind nur f\u00fcr den privaten, nicht kommerziellen Gebrauch gestattet. Soweit die Inhalte auf dieser Seite nicht vom Betreiber erstellt wurden, werden die Urheberrechte Dritter beachtet. Insbesondere werden Inhalte Dritter als solche gekennzeichnet. Sollten Sie trotzdem auf eine Urheberrechtsverletzung aufmerksam werden, bitten wir um einen entsprechenden Hinweis. Bei Bekanntwerden von Rechtsverletzungen werden wir derartige Inhalte umgehend entfernen.<\/p><p>Als Diensteanbieter sind wir gem\u00e4\u00df \u00a7 7 Abs.1 TMG f\u00fcr eigene Inhalte auf diesen Seiten nach den allgemeinen Gesetzen verantwortlich. Nach \u00a7\u00a7 8 bis 10 TMG sind wir als Diensteanbieter jedoch nicht verpflichtet, \u00fcbermittelte oder gespeicherte fremde Informationen zu \u00fcberwachen oder nach Umst\u00e4nden zu forschen, die auf eine rechtswidrige T\u00e4tigkeit hinweisen. Verpflichtungen zur Entfernung oder Sperrung der Nutzung von Informationen nach den allgemeinen Gesetzen bleiben hiervon unber\u00fchrt. Eine diesbez\u00fcgliche Haftung ist jedoch erst ab dem Zeitpunkt der Kenntnis einer konkreten Rechtsverletzung m\u00f6glich. Bei Bekanntwerden von entsprechenden Rechtsverletzungen werden wir diese Inhalte umgehend entfernen.<\/p><p>Datenschutzerkl\u00e4rung<\/p><p><strong>Datenschutz<\/strong><br \/>Die Nutzung unserer Webseite ist in der Regel ohne Angabe personenbezogener Daten m\u00f6glich. Soweit auf unseren Seiten personenbezogene Daten (beispielsweise Name, Anschrift oder eMail-Adressen) erhoben werden, erfolgt dies, soweit m\u00f6glich, stets auf freiwilliger Basis. Diese Daten werden ohne Ihre ausdr\u00fcckliche Zustimmung nicht an Dritte weitergegeben.<br \/>Wir weisen darauf hin, dass die Daten\u00fcbertragung im Internet (z.B. bei der Kommunikation per E-Mail) Sicherheitsl\u00fccken aufweisen kann. Ein l\u00fcckenloser Schutz der Daten vor dem Zugriff durch Dritte ist nicht m\u00f6glich.<br \/>Der Nutzung von im Rahmen der Impressumspflicht ver\u00f6ffentlichten Kontaktdaten durch Dritte zur \u00dcbersendung von nicht ausdr\u00fccklich angeforderter Werbung und Informationsmaterialien wird hiermit ausdr\u00fccklich widersprochen. Die Betreiber der Seiten behalten sich ausdr\u00fccklich rechtliche Schritte im Falle der unverlangten Zusendung von Werbeinformationen, etwa durch Spam-Mails, vor.<\/p><p><strong>Cookies<\/strong><\/p><p>Wenn Sie die Webseite Virenclean UG besuchen bzw. nutzen, bedeutet dies f\u00fcr uns, dass Sie Dienstleistungen der Virenclean UG nutzen wollen und hierzu dem Einsatz von Cookies zustimmen.<\/p><p>Wie Cookies von uns eingesetzt werden<br \/>Cookies dienen der spezifischen Identifikation eines Besuchers, welche von uns an Ihre Festplatte Ihres Computers oder anderen internetf\u00e4higen Endger\u00e4tes \u00fcbertragen werden. Hierdurch ist es uns m\u00f6glich Sie wiederzukennen und unseren Internet Auftritt an Sie anzupassen.<\/p><p><strong>Deaktivieren von Cookies<\/strong><br \/>\u00dcber die Hilfe-Funktion der meisten Internet- \/ Webbrowsern erhalten Sie Informationen dar\u00fcber, wie Sie das Verhalten Ihres Browser bzgl. Cookies einstellen k\u00f6nnen. Dort erfahren Sie in der Regel wie Sie etwa das akzeptieren von Cookies deaktivieren k\u00f6nnen und wie Ihr Browser auf Cookies hinweisen soll.<\/p><\/div><div>\u00a0<\/div><\/div><\/div><\/div><\/div><\/div><\/div><\/section>\t\t\t\t\t\t<\/div>\n\t\t\t\t<\/div>\n\t\t\t\t\t<\/div>\n\t\t<\/div>\n\t\t\t\t\t<\/div>\n\t\t<\/section>\n\t\t\t\t<\/div>","protected":false},"excerpt":{"rendered":"<p>ImpressumAngaben gem\u00e4\u00df $ 5 TMG:Virenclean UG Buckower Chaussee 12077 Berlin -Buckow Vertreten durch: Gesellschafter T\u00fcrker Yildirim Gesch\u00e4ftsf\u00fchrerIn Celestina Frese Kontakt: Telefon: 030 &#8211; 53143676E-Mail: info@virenclean.de Registereintrag: Eintragung im HandelsregisterRegistergericht: Amtsgericht CharlottenburgRegisternummer: HRB 215641B Umsatzsteuer-ID: Umsatzsteuer-Identifikationsnummer gem\u00e4\u00df \u00a7 27 a Umsatzsteuergesetz: ZENA &#8211; 1129 &#8211; 1901986 Verantwortlich f\u00fcr den Inhalt nach \u00a7 55 Abs. 2 RStV: [&hellip;]<\/p>","protected":false},"author":1,"featured_media":0,"parent":0,"menu_order":0,"comment_status":"closed","ping_status":"closed","template":"elementor_header_footer","meta":{"footnotes":""},"yoast_head":"<!-- This site is optimized with the Yoast SEO plugin v22.3 - https:\/\/yoast.com\/wordpress\/plugins\/seo\/ -->\n<title>Impressum - virenclean<\/title>\n<meta name=\"description\" content=\"Produktion von alkoholfreiem Desinfektionsmittel\" \/>\n<meta name=\"robots\" content=\"index, follow, max-snippet:-1, max-image-preview:large, max-video-preview:-1\" \/>\n<link rel=\"canonical\" href=\"https:\/\/virenclean.de\/en\/impressum\/\" \/>\n<meta property=\"og:locale\" content=\"en_US\" \/>\n<meta property=\"og:type\" content=\"article\" \/>\n<meta property=\"og:title\" content=\"Impressum - virenclean\" \/>\n<meta property=\"og:description\" content=\"Produktion von alkoholfreiem Desinfektionsmittel\" \/>\n<meta property=\"og:url\" content=\"https:\/\/virenclean.de\/en\/impressum\/\" \/>\n<meta property=\"og:site_name\" content=\"virenclean\" \/>\n<meta property=\"article:publisher\" content=\"https:\/\/www.facebook.com\/Virenclean-UG-104062247944174\/?modal=admin_todo_tour\" \/>\n<meta property=\"article:modified_time\" content=\"2021-02-03T14:46:29+00:00\" \/>\n<meta property=\"og:image\" content=\"https:\/\/virenclean.de\/wp-content\/uploads\/2020\/04\/Logo-final-in-Pfade.png\" \/>\n\t<meta property=\"og:image:width\" content=\"1591\" \/>\n\t<meta property=\"og:image:height\" content=\"2228\" \/>\n\t<meta property=\"og:image:type\" content=\"image\/png\" \/>\n<meta name=\"twitter:card\" content=\"summary_large_image\" \/>\n<meta name=\"twitter:label1\" content=\"Est. reading time\" \/>\n\t<meta name=\"twitter:data1\" content=\"3 minutes\" \/>\n<script type=\"application\/ld+json\" class=\"yoast-schema-graph\">{\"@context\":\"https:\/\/schema.org\",\"@graph\":[{\"@type\":\"WebPage\",\"@id\":\"https:\/\/virenclean.de\/impressum\/\",\"url\":\"https:\/\/virenclean.de\/impressum\/\",\"name\":\"Impressum - virenclean\",\"isPartOf\":{\"@id\":\"https:\/\/virenclean.de\/#website\"},\"datePublished\":\"2020-04-14T15:44:26+00:00\",\"dateModified\":\"2021-02-03T14:46:29+00:00\",\"description\":\"Produktion von alkoholfreiem Desinfektionsmittel\",\"breadcrumb\":{\"@id\":\"https:\/\/virenclean.de\/impressum\/#breadcrumb\"},\"inLanguage\":\"en-US\",\"potentialAction\":[{\"@type\":\"ReadAction\",\"target\":[\"https:\/\/virenclean.de\/impressum\/\"]}]},{\"@type\":\"BreadcrumbList\",\"@id\":\"https:\/\/virenclean.de\/impressum\/#breadcrumb\",\"itemListElement\":[{\"@type\":\"ListItem\",\"position\":1,\"name\":\"Startseite\",\"item\":\"https:\/\/virenclean.de\/\"},{\"@type\":\"ListItem\",\"position\":2,\"name\":\"Impressum\"}]},{\"@type\":\"WebSite\",\"@id\":\"https:\/\/virenclean.de\/#website\",\"url\":\"https:\/\/virenclean.de\/\",\"name\":\"virenclean\",\"description\":\"alkoholfreies Desinfektionsmittel\",\"publisher\":{\"@id\":\"https:\/\/virenclean.de\/#organization\"},\"potentialAction\":[{\"@type\":\"SearchAction\",\"target\":{\"@type\":\"EntryPoint\",\"urlTemplate\":\"https:\/\/virenclean.de\/?s={search_term_string}\"},\"query-input\":\"required name=search_term_string\"}],\"inLanguage\":\"en-US\"},{\"@type\":\"Organization\",\"@id\":\"https:\/\/virenclean.de\/#organization\",\"name\":\"Virenclean UG\",\"url\":\"https:\/\/virenclean.de\/\",\"logo\":{\"@type\":\"ImageObject\",\"inLanguage\":\"en-US\",\"@id\":\"https:\/\/virenclean.de\/#\/schema\/logo\/image\/\",\"url\":\"https:\/\/virenclean.de\/wp-content\/uploads\/2020\/04\/Favicon.png\",\"contentUrl\":\"https:\/\/virenclean.de\/wp-content\/uploads\/2020\/04\/Favicon.png\",\"width\":200,\"height\":200,\"caption\":\"Virenclean UG\"},\"image\":{\"@id\":\"https:\/\/virenclean.de\/#\/schema\/logo\/image\/\"},\"sameAs\":[\"https:\/\/www.facebook.com\/Virenclean-UG-104062247944174\/?modal=admin_todo_tour\",\"https:\/\/www.instagram.com\/virenclean\/?hl=de\"]}]}<\/script>\n<!-- \/ Yoast SEO plugin. -->","yoast_head_json":{"title":"Impressum - virenclean","description":"Produktion von alkoholfreiem Desinfektionsmittel","robots":{"index":"index","follow":"follow","max-snippet":"max-snippet:-1","max-image-preview":"max-image-preview:large","max-video-preview":"max-video-preview:-1"},"canonical":"https:\/\/virenclean.de\/en\/impressum\/","og_locale":"en_US","og_type":"article","og_title":"Impressum - virenclean","og_description":"Produktion von alkoholfreiem Desinfektionsmittel","og_url":"https:\/\/virenclean.de\/en\/impressum\/","og_site_name":"virenclean","article_publisher":"https:\/\/www.facebook.com\/Virenclean-UG-104062247944174\/?modal=admin_todo_tour","article_modified_time":"2021-02-03T14:46:29+00:00","og_image":[{"width":1591,"height":2228,"url":"https:\/\/virenclean.de\/wp-content\/uploads\/2020\/04\/Logo-final-in-Pfade.png","type":"image\/png"}],"twitter_card":"summary_large_image","twitter_misc":{"Est. reading time":"3 minutes"},"schema":{"@context":"https:\/\/schema.org","@graph":[{"@type":"WebPage","@id":"https:\/\/virenclean.de\/impressum\/","url":"https:\/\/virenclean.de\/impressum\/","name":"Impressum - virenclean","isPartOf":{"@id":"https:\/\/virenclean.de\/#website"},"datePublished":"2020-04-14T15:44:26+00:00","dateModified":"2021-02-03T14:46:29+00:00","description":"Produktion von alkoholfreiem Desinfektionsmittel","breadcrumb":{"@id":"https:\/\/virenclean.de\/impressum\/#breadcrumb"},"inLanguage":"en-US","potentialAction":[{"@type":"ReadAction","target":["https:\/\/virenclean.de\/impressum\/"]}]},{"@type":"BreadcrumbList","@id":"https:\/\/virenclean.de\/impressum\/#breadcrumb","itemListElement":[{"@type":"ListItem","position":1,"name":"Startseite","item":"https:\/\/virenclean.de\/"},{"@type":"ListItem","position":2,"name":"Impressum"}]},{"@type":"WebSite","@id":"https:\/\/virenclean.de\/#website","url":"https:\/\/virenclean.de\/","name":"virenclean","description":"alkoholfreies Desinfektionsmittel","publisher":{"@id":"https:\/\/virenclean.de\/#organization"},"potentialAction":[{"@type":"SearchAction","target":{"@type":"EntryPoint","urlTemplate":"https:\/\/virenclean.de\/?s={search_term_string}"},"query-input":"required name=search_term_string"}],"inLanguage":"en-US"},{"@type":"Organization","@id":"https:\/\/virenclean.de\/#organization","name":"Virenclean UG","url":"https:\/\/virenclean.de\/","logo":{"@type":"ImageObject","inLanguage":"en-US","@id":"https:\/\/virenclean.de\/#\/schema\/logo\/image\/","url":"https:\/\/virenclean.de\/wp-content\/uploads\/2020\/04\/Favicon.png","contentUrl":"https:\/\/virenclean.de\/wp-content\/uploads\/2020\/04\/Favicon.png","width":200,"height":200,"caption":"Virenclean UG"},"image":{"@id":"https:\/\/virenclean.de\/#\/schema\/logo\/image\/"},"sameAs":["https:\/\/www.facebook.com\/Virenclean-UG-104062247944174\/?modal=admin_todo_tour","https:\/\/www.instagram.com\/virenclean\/?hl=de"]}]}},"_links":{"self":[{"href":"https:\/\/virenclean.de\/en\/wp-json\/wp\/v2\/pages\/190"}],"collection":[{"href":"https:\/\/virenclean.de\/en\/wp-json\/wp\/v2\/pages"}],"about":[{"href":"https:\/\/virenclean.de\/en\/wp-json\/wp\/v2\/types\/page"}],"author":[{"embeddable":true,"href":"https:\/\/virenclean.de\/en\/wp-json\/wp\/v2\/users\/1"}],"replies":[{"embeddable":true,"href":"https:\/\/virenclean.de\/en\/wp-json\/wp\/v2\/comments?post=190"}],"version-history":[{"count":20,"href":"https:\/\/virenclean.de\/en\/wp-json\/wp\/v2\/pages\/190\/revisions"}],"predecessor-version":[{"id":791,"href":"https:\/\/virenclean.de\/en\/wp-json\/wp\/v2\/pages\/190\/revisions\/791"}],"wp:attachment":[{"href":"https:\/\/virenclean.de\/en\/wp-json\/wp\/v2\/media?parent=190"}],"curies":[{"name":"wp","href":"https:\/\/api.w.org\/{rel}","templated":true}]}}